{"id":2146,"date":"2021-02-12T17:56:05","date_gmt":"2021-02-12T17:56:05","guid":{"rendered":"https:\/\/gpconsulting.pt\/politica-de-privacidade\/"},"modified":"2024-03-05T12:18:07","modified_gmt":"2024-03-05T12:18:07","slug":"politica-de-privacidade","status":"publish","type":"page","link":"https:\/\/gpconsulting.pt\/en\/politica-de-privacidade\/","title":{"rendered":"Privacy Policy and Data Protection"},"content":{"rendered":"\n<p>GP Consulting &#8220;SABER TRANSL\u00daCIDO CONSULTORES, LDA&#8221; is committed to respecting the privacy and confidentiality of the personal data made available to you, therefore in this document you will find information on how they are treated in accordance with the General Data Protection Regulation. We have adopted administrative and technological measures to comply with the new General Data Protection Regulation.<\/p>\n\n\n\n<h5 class=\"wp-block-heading\"><strong>Where is personal data collected?<\/strong><\/h5>\n\n\n\n<p>GP Consulting &#8220;SABER TRANSL\u00daCIDO CONSULTORES, LDA&#8221; actively gathers personal data through its website at the address www.gpconsulting.pt.<\/p>\n\n\n\n<h5 class=\"wp-block-heading\"><strong>What is the purpose of gathering personal data?<\/strong><\/h5>\n\n\n\n<p>Personal data is captured from a marketing perspective, with the explicit consent of its holders, thus allowing GP Consulting &#8220;SABER TRANSL\u00daCIDO CONSULTORES, LDA&#8221; to publicize its services, projects and other useful information for professionals via email, as well as maintaining the contact with them over time and as long as it is in the interests of both parties.<\/p>\n\n\n\n<h5 class=\"wp-block-heading\"><strong>What is personal data collected for?<\/strong><\/h5>\n\n\n\n<p>All information collected by GP Consulting &#8220;SABER TRANSL\u00daCIDO CONSULTORES, LDA&#8221; is for your exclusive use. The GP Consulting agency &#8220;SABER TRANSL\u00daCIDO CONSULTORES, LDA&#8221; compromises not to sell, exchange, rent or share to third parties without the user&#8217;s consent, unless obliged to do so by court decision.<\/p>\n\n\n\n<p>The information collected is organized internally in a database duly regularized with the National Data Protection Commission CNPD and can be used to: <\/p>\n\n\n\n<ul class=\"wp-block-list\">\n<li>Improve our services and products;<\/li>\n\n\n\n<li>Perfect customer support service;<\/li>\n\n\n\n<li>Send periodic information that may be of interest to users;<\/li>\n\n\n\n<li>Improve the contents of our Website.<\/li>\n<\/ul>\n\n\n\n<p>Regarding the newsletter, access to the website is in no way conditioned on subscribing to the newsletter or collecting personal data. Subscription to the newsletter is subject to confirmation via an email sent to the user, after placing the order, as a way of confirming that the order was actually made by you. When sending each newsletter, metrics are collected that allow us to identify which subscribers opened (through an invisible pixel) and clicked on each link that may be contained in the message they received.<\/p>\n\n\n\n<h5 class=\"wp-block-heading\"><strong>How is personal data processed?<\/strong><\/h5>\n\n\n\n<p>The data is collected directly by GP Consulting &#8220;SABER TRANSL\u00daCIDO CONSULTORES, LDA&#8221; and processed to send information by email under the terms described above. The data is treated confidentially and is stored in a database with restricted access to employees who need it for the purposes for which it is intended.<\/p>\n\n\n\n<h5 class=\"wp-block-heading\"><strong>How is personal data collected?<\/strong><\/h5>\n\n\n\n<p>Personal data is collected through the website and email addresses of GP Consulting &#8220;SABER TRANSL\u00daCIDO CONSULTORES, LDA&#8221;. In the case of the website, this capture occurs directly (through filling out forms where data is requested) and indirectly (through recording actions carried out by website visitors, which are essentially anonymous but in some cases can allow their identification ). Indirect capture includes electronic communication protocols, cookies, embedded addresses, transparent pixels, other widgets or georeferencing data. <\/p>\n\n\n\n<h5 class=\"wp-block-heading\"><strong>What level of IT security is applied to personal data?<\/strong><\/h5>\n\n\n\n<p>We use physical, technological and administrative security measures to protect information. The data captured through the GP Consulting website &#8220;SABER TRANSL\u00daCIDO CONSULTORES, LDA&#8221; is communicated via the Internet under secure SSL protocol. This type of communication is not inviolable but currently corresponds to best market practices. Additionally, the data is stored in databases managed by GP Consulting &#8220;SABER TRANSL\u00daCIDO CONSULTORES, LDA&#8221; in an encrypted form and periodic backups of the data are carried out in order to minimize the probability of loss of information in the event of a storage system failure.<\/p>\n\n\n\n<h5 class=\"wp-block-heading\"><strong>What happens if there is a breach of security systems?<\/strong><\/h5>\n\n\n\n<p>If there is a breach of security systems that demonstrably results in unauthorized access by third parties to your personal data, we will inform you by email.<\/p>\n\n\n\n<h5 class=\"wp-block-heading\"><strong>How can I know what personal data is being processed?<\/strong><\/h5>\n\n\n\n<p>To find out what personal data we are processing, simply send us this request by email to info@localhost.<\/p>\n\n\n\n<h5 class=\"wp-block-heading\"><strong>Como posso solicitar a atualiza\u00e7\u00e3o ou remo\u00e7\u00e3o dos meus dados pessoais?<\/strong><\/h5>\n\n\n\n<p>Para atualiza\u00e7\u00e3o ou remo\u00e7\u00e3o dos seus dados pessoais basta que nos dirija esse pedido por email para   info@localhost.<\/p>\n\n\n\n<h5 class=\"wp-block-heading\"><strong>How can I request to update or remove my personal data?<\/strong><\/h5>\n\n\n\n<p>To update or remove your personal data, simply send us this request by email to info@localhost.<\/p>\n\n\n\n<h5 class=\"wp-block-heading\"><strong>Under what circumstances cannot I revoke my consent to data processing?<\/strong><\/h5>\n\n\n\n<p>You can withdraw your consent at any time, however, this does not invalidate the lawfulness of the treatments carried out up to that moment. Additionally, the processing of your data may be necessary to execute a service provision contract or other contract in force or in other situations in which the legal obligations to which GP Consulting &#8220;SABER TRANSL\u00daCIDO CONSULTORES, LDA&#8221; is subject prevent it.<\/p>\n\n\n\n<h5 class=\"wp-block-heading\"><strong>What other data can be captured?<\/strong><\/h5>\n\n\n\n<p>The GP Consulting website &#8220;SABER TRANSL\u00daCIDO CONSULTORES, LDA&#8221; uses cookies to ensure a better user experience and also third-party cookies, such as Google and Facebook, to measure and analyze traffic. These cookies may store information that allows a website visitor to be identified. The visitor can, however, configure their Internet browsing program to not accept cookies, if they wish. Additionally, web server logs may record visitor information such as browser, operating system, device including brand, model and version, origin of visit (referrer), date\/time of access, IP address, Internet service provider and geographic area of access. This information is used for statistical purposes and to improve the website user experience.<\/p>\n\n\n\n<h5 class=\"wp-block-heading\"><strong>Are personal data considered sensitive being collected and processed?<\/strong><\/h5>\n\n\n\n<p>GP Consulting &#8220;SABER TRANSL\u00daCIDO CONSULTORES, LDA&#8221; actively does not promote the collection of any personal data that could be considered sensitive. In any case, it is possible that personal data of this nature will be sent to us by email, and they will be treated confidentially and only for the time necessary for the purpose for which they are intended.<\/p>\n\n\n\n<h5 class=\"wp-block-heading\"><strong>Will my data be shared with third parties?<\/strong><\/h5>\n\n\n\n<p>The data may be shared with third parties, namely with infrastructure providers (server\/web hosting service and email) or other suppliers that we have related to services that you may contract with us and for the execution of the contracted services. In addition, data may be shared with third parties in the case of any specific partnership that GP Consulting &#8220;SABER TRANSL\u00daCIDO CONSULTORES, LDA&#8221; may develop with another market operator. In this case, all data holders will be informed in a timely manner, and will be given the possibility to object to this sharing. The data may be shared with judicial, tax and regulatory authorities to comply with legal requirements.<\/p>\n\n\n\n<h5 class=\"wp-block-heading\"><strong>Are personal data from minors also collected?<\/strong><\/h5>\n\n\n\n<p>All data capture that is carried out is not aimed at minors, especially because the type of content that is disclosed is essentially relevant to professionals. If you suspect that we have collected data from anyone under 18, please contact us via email at info@localhost.<\/p>\n\n\n\n<figure class=\"wp-block-image size-full\"><img loading=\"lazy\" decoding=\"async\" width=\"20\" height=\"20\" src=\"https:\/\/gpconsulting.pt\/content\/uploads\/2024\/03\/image-3.png\" alt=\"\" class=\"wp-image-2159\"\/><\/figure>\n\n\n\n<h5 class=\"wp-block-heading\"><strong>What happens to the personal data transmitted when applying for job opportunities at GP Consulting &#8220;SABER TRANSL\u00daCIDO CONSULTORES, LDA&#8221;?<\/strong><\/h5>\n\n\n\n<p>Those interested in certain opportunities or in making a spontaneous application can send information to GP Consulting &#8220;SABER TRANSL\u00daCIDO CONSULTORES, LDA&#8221; by email for this purpose. In this case, GP Consulting &#8220;SABER TRANSL\u00daCIDO CONSULTORES, LDA&#8221; undertakes to limit access to the information shared at the candidate&#8217;s option to those who need it to analyze the application. GP Consulting &#8220;SABER TRANSL\u00daCIDO CONSULTORES, LDA&#8221; also undertakes to delete information of this nature within 2 years from the moment it was sent.<\/p>\n\n\n\n<h5 class=\"wp-block-heading\"><strong>What happens to the personal data transmitted through the presence of GP Consulting &#8220;SABER TRANSL\u00daCIDO CONSULTORES, LDA&#8221; on social media?<\/strong><\/h5>\n\n\n\n<p>The data will be used exclusively within the scope of the processes for which they are intended, namely to provide clarifications and information regarding queries addressed to us.<\/p>\n\n\n\n<h5 class=\"wp-block-heading\"><strong>What is the retention period for personal data?<\/strong><\/h5>\n\n\n\n<p>Statistical data is kept in a way that does not allow identification of the respective holder from the 2nd year onwards. With regard to the data of newsletter subscribers, since this is a subscription associated with the sending of information via email, the data is kept as long as the subscriber does not request its removal.<\/p>\n\n\n\n<h5 class=\"wp-block-heading\"><strong>Can this privacy policy change?<\/strong><\/h5>\n\n\n\n<p>Yes, depending on the evolution of legislation and technology, it is possible that the privacy policy in force at GP Consulting &#8220;SABER TRANSL\u00daCIDO CONSULTORES, LDA&#8221; will be changed. All changes will be reflected in this document available online.<\/p>\n\n\n\n<h5 class=\"wp-block-heading\"><strong>Do you have any questions about this privacy policy?<\/strong><\/h5>\n\n\n\n<p>For questions, please contact us via email at info@localhost.<\/p>\n\n\n\n<h5 class=\"wp-block-heading\"><strong>Information about the Data Controller<\/strong><\/h5>\n\n\n\n<p>GP Consulting &#8220;SABER TRANSL\u00daCIDO CONSULTORES, LDA&#8221; UNIPESSOAL LDA, Avenida Infante D.Henriques 33 4 piso esq sala b 9500-150 Ponta Delgada.<\/p>\n\n\n\n<p>This privacy policy aims to comply with the provisions of Regulation no. 2016\/679 of the European Parliament and the Council of April 27, 2016.<\/p>\n\n\n\n<p>Document created on: 29-01-2021. Last updated: 29-01-2021.<\/p>\n","protected":false},"excerpt":{"rendered":"<p>GP Consulting &#8220;SABER TRANSL\u00daCIDO CONSULTORES, LDA&#8221; is committed to respecting the privacy and confidentiality of the personal data made available [&hellip;]<\/p>\n","protected":false},"author":1,"featured_media":2123,"parent":0,"menu_order":0,"comment_status":"closed","ping_status":"closed","template":"","meta":{"footnotes":""},"class_list":["post-2146","page","type-page","status-publish","has-post-thumbnail","hentry"],"_links":{"self":[{"href":"https:\/\/gpconsulting.pt\/en\/wp-json\/wp\/v2\/pages\/2146","targetHints":{"allow":["GET"]}}],"collection":[{"href":"https:\/\/gpconsulting.pt\/en\/wp-json\/wp\/v2\/pages"}],"about":[{"href":"https:\/\/gpconsulting.pt\/en\/wp-json\/wp\/v2\/types\/page"}],"author":[{"embeddable":true,"href":"https:\/\/gpconsulting.pt\/en\/wp-json\/wp\/v2\/users\/1"}],"replies":[{"embeddable":true,"href":"https:\/\/gpconsulting.pt\/en\/wp-json\/wp\/v2\/comments?post=2146"}],"version-history":[{"count":2,"href":"https:\/\/gpconsulting.pt\/en\/wp-json\/wp\/v2\/pages\/2146\/revisions"}],"predecessor-version":[{"id":2162,"href":"https:\/\/gpconsulting.pt\/en\/wp-json\/wp\/v2\/pages\/2146\/revisions\/2162"}],"wp:featuredmedia":[{"embeddable":true,"href":"https:\/\/gpconsulting.pt\/en\/wp-json\/wp\/v2\/media\/2123"}],"wp:attachment":[{"href":"https:\/\/gpconsulting.pt\/en\/wp-json\/wp\/v2\/media?parent=2146"}],"curies":[{"name":"wp","href":"https:\/\/api.w.org\/{rel}","templated":true}]}}